{"id":558,"date":"2020-04-27T11:48:44","date_gmt":"2020-04-27T11:48:44","guid":{"rendered":"https:\/\/xn--groute-bva.bevrdbis.com\/?page_id=558"},"modified":"2020-09-30T08:30:33","modified_gmt":"2020-09-30T07:30:33","slug":"geroute","status":"publish","type":"page","link":"https:\/\/geocommune.bevrd.dz\/?page_id=558","title":{"rendered":"\u0645\u0646 \u0646\u062d\u0646\u061f"},"content":{"rendered":"<p><span style=\"color: #0000ff;\"><strong>\u0643\u0644\u0645\u0629 \u0645\u062f\u064a\u0631 \u0627\u0644\u0645\u0643\u062a\u0628<\/strong>:<\/span><\/p>\n<p>\u0645\u0646\u0630 \u0646\u0634\u0623\u0629 \u0627\u0644\u0645\u0643\u062a\u0628\u00a0\u0633\u0646\u0629 1993 \u0648\u0627\u0639\u062a\u0645\u0627\u062f\u0647 \u0645\u0646 \u0627\u0644\u0648\u0632\u0627\u0631\u0629 \u0627\u0644\u0648\u0635\u064a\u0629 \u0622\u0646\u0630\u0627\u0643 \u0648\u0627\u0644\u0645\u0643\u062a\u0628 \u064a\u0633\u0639\u0649 \u0625\u0644\u0649 \u062a\u0637\u0648\u064a\u0631 \u0645\u0647\u0627\u0631\u0627\u062a\u0647 \u0627\u0644\u0645\u0643\u062a\u0633\u0628\u0629\u00a0\u0641\u064a \u0645\u062c\u0627\u0644 \u0627\u0644\u0623\u0634\u063a\u0627\u0644 \u0627\u0644\u0639\u0645\u0648\u0645\u064a\u0629\u060c \u0627\u0644\u0637\u0628\u0648\u063a\u0631\u0627\u0641\u064a\u0627\u060c \u0648\u0645\u062e\u062a\u0644\u0641 \u0627\u0644\u0634\u0628\u0643\u0627\u062a\u060c \u0648\u0646\u0638\u0645 \u0627\u0644\u0645\u0639\u0644\u0648\u0645\u0627\u062a \u0627\u0644\u062c\u063a\u0631\u0627\u0641\u064a\u0629 \u0648\u0627\u0644\u062e\u0631\u0627\u0626\u0637 \u0627\u0644\u0631\u0642\u0645\u064a\u0629 \u0645\u0633\u062a\u063a\u0644\u0627 \u062a\u0643\u0646\u0648\u0644\u0648\u062c\u064a\u0627 \u0627\u0644\u0625\u0639\u0644\u0627\u0645 \u0648\u0627\u0644\u0627\u062a\u0635\u0627\u0644 \u0627\u0644\u062d\u062f\u064a\u062b\u0629 \u00a0\u00a0\u0644\u0644\u062a\u062d\u0633\u064a\u0646 \u0627\u0644\u062d\u0636\u0631\u064a \u0648 \u0627\u0644\u0645\u0648\u0627\u0637\u0646\u0629 \u0648\u0623\u062e\u0630 \u0627\u0644\u0642\u0631\u0627\u0631\u0627\u062a \u0627\u0644\u0631\u0634\u064a\u062f\u0629 \u0627\u0644\u0645\u0628\u0646\u064a\u0629 \u0639\u0644\u0649 \u0627\u0644\u0625\u062d\u0635\u0627\u0626\u064a\u0627\u062a \u0648\u0627\u0644\u0623\u0631\u0642\u0627\u0645 \u0627\u0644\u062f\u0642\u064a\u0642\u0629.\u0648\u0630\u0644\u0643 \u0628\u0639\u0635\u0631\u0646\u0629 \u00a0\u0627\u0644\u062a\u0646\u0642\u0644\u0627\u062a \u0644\u0645\u062e\u062a\u0644\u0641 \u0627\u0644\u0645\u0635\u0627\u0644\u062d\u060c \u0648\u062a\u0646\u0642\u0644 \u0627\u0644\u0623\u0634\u062e\u0627\u0635 \u0648\u0645\u0639\u0631\u0641\u0629 \u0627\u0644\u0623\u0645\u0627\u0643\u0646 \u0648\u0627\u0644\u0645\u0648\u0627\u0642\u0639 \u0648\u0627\u0644\u0639\u0646\u0627\u0648\u064a\u0646 \u0623\u064a\u0646\u0645\u0627 \u0643\u0627\u0646\u062a \u0628\u0627\u0644\u0646\u0633\u0628\u0629 \u0625\u0644\u0649 \u0627\u0644\u0645\u0635\u0627\u0644\u062d \u0627\u0644\u0623\u0645\u0646\u064a\u0629 \u0648\u0627\u0644\u0627\u0633\u062a\u0634\u0641\u0627\u0626\u064a\u0629 \u0648\u0627\u0644\u062d\u0645\u0627\u064a\u0629 \u0627\u0644\u0645\u062f\u0646\u064a\u0629 \u0648\u063a\u064a\u0631\u0647\u0627\u060c \u0648\u0647\u0648 \u0645\u0627 \u064a\u062f\u062e\u0644 \u0641\u064a \u0625\u0637\u0627\u0631 \u062e\u062f\u0645\u0629 \u0646\u0648\u0639\u064a\u0629 \u062a\u0643\u0648\u0646 \u0641\u064a \u0645\u062a\u0646\u0627\u0648\u0644 \u0627\u0644\u062c\u0645\u064a\u0639\u060c \u0645\u0646 \u0623\u062c\u0644 \u0636\u0645\u0627\u0646 \u0631\u0627\u062d\u0629 \u0627\u0644\u0645\u0648\u0627\u0637\u0646 \u0648\u0631\u0628\u062d \u0627\u0644\u0648\u0642\u062a \u0648\u062a\u0633\u0647\u064a\u0644 \u0627\u0644\u062e\u062f\u0645\u0629 \u0641\u064a \u0643\u0644 \u0627\u0644\u0645\u0646\u0627\u0637\u0642 \u0639\u0628\u0631 \u0627\u0644\u062a\u0631\u0627\u0628 \u0627\u0644\u0648\u0637\u0646\u064a\u060c \u062a\u0642\u0648\u0644 \u0627\u0644\u062a\u0639\u0644\u064a\u0645\u0629.<\/p>\n<p>\u062a\u0645 \u0627\u0633\u062a\u0636\u0627\u0641\u0629 \u0623\u0632\u064a\u062f \u0645\u0646 30 \u0628\u0644\u062f\u064a\u0629 \u0645\u0646 \u0639\u062f\u0629 \u0648\u0644\u0627\u064a\u0627\u062a \u0644\u062a\u0644\u0642\u064a \u0648\u0631\u0634\u0629 \u0639\u0645\u0644 \u062d\u0648\u0644 \u0627\u0644\u062a\u0637\u0628\u064a\u0642 <strong>G\u00e9oCommune <em>\u00a0<\/em><\/strong>\u0648\u062f\u0648\u0631\u0647 \u0641\u064a \u0625\u0636\u0641\u0627\u0621 \u0646\u0642\u0644\u0629 \u0646\u0648\u0639\u064a\u0629 \u0641\u064a \u0642\u0637\u0627\u0639 \u0623\u0631\u0634\u0641\u0629 \u0627\u0644\u0628\u064a\u0627\u0646\u0627\u062a \u0627\u0644\u062a\u0642\u0646\u064a\u0629 \u0644\u0644\u0642\u0637\u0627\u0639 \u0648 \u0631\u0642\u0645\u0646\u062a\u0647\u0627\u00a0 \u0625\u0644\u0649 \u063a\u0627\u064a\u0629 \u0625\u0639\u062f\u0627\u062f \u0627\u0644\u062e\u0631\u0627\u0626\u0637 \u0644\u062f\u0649 \u0643\u0644 \u0628\u0644\u062f\u064a\u0629 \u0648 \u0637\u0628\u0627\u0639\u062a\u0647\u0627 \u0648 \u062a\u062d\u062f\u064a\u062b \u0642\u0627\u0639\u062f\u0629 \u0627\u0644\u0628\u064a\u0627\u0646\u0627\u062a \u0628\u0648\u0627\u0633\u0637\u0629 \u0623\u062c\u0647\u0632\u0629 \u062a\u062d\u062f\u064a\u062f \u0627\u0644\u0645\u0648\u0627\u0642\u0639 \u0628\u0627\u0644\u0623\u0642\u0645\u0627\u0631 \u0627\u0644\u0627\u0635\u0637\u0646\u0627\u0639\u064a\u0629. \u0648\u0647\u062f\u0641\u0646\u0627 \u062f\u0648\u0645\u0627 \u0625\u0636\u0627\u0641\u0629 \u0627\u0644\u062c\u062f\u064a\u062f \u0641\u064a \u0628\u0644\u062f\u0646\u0627 \u0648\u0625\u0636\u0641\u0627\u0621 \u0644\u0645\u0633\u0629 \u062d\u0636\u0631\u064a\u0629 \u0648\u062a\u0642\u062f\u064a\u0645 \u0631\u0624\u064a\u0629 \u0644\u0644\u062d\u062f\u0627\u062b\u0629 \u0645\u0646 \u062e\u0644\u0627\u0644 \u062a\u062c\u0631\u0628\u0629 \u0648\u0645\u0645\u0627\u0631\u0633\u0629 \u0644\u0639\u0634\u0631\u0627\u062a \u0627\u0644\u0633\u0646\u064a\u0646.<\/p>\n<p><span style=\"color: #0000ff;\"><strong>\u062e\u062f\u0645\u0627\u062a\u0646\u0627<\/strong><strong>:\u00a0<\/strong><\/span><\/p>\n<ul>\n<li style=\"text-align: right;\">\u062f\u0631\u0627\u0633\u0629 \u062a\u0648\u062c\u064a\u0647\u064a\u0629 \u0644\u0643\u0644 \u0645\u0646 \u0634\u0628\u0643\u062a\u064a \u0627\u0644\u0645\u064a\u0627\u0647 \u0627\u0644\u0635\u0627\u0644\u062d\u0629 \u0644\u0644\u0634\u0631\u0628 \u0648\u0627\u0644\u0635\u0631\u0641 \u0627\u0644\u0635\u062d\u064a \u0628\u0627\u0633\u062a\u0639\u0645\u0627\u0644 \u0628\u0631\u0627\u0645\u062c \u062e\u0627\u0635\u0629 \u0628\u0627\u0644\u062d\u0633\u0627\u0628 \u0627\u0644\u0647\u064a\u062f\u0631\u0648\u0644\u064a\u0643\u064a.<\/li>\n<li style=\"text-align: right;\">\u062d\u0645\u0627\u064a\u0629 \u0627\u0644\u0645\u0646\u0627\u0637\u0642 \u0627\u0644\u0645\u0639\u0631\u0636\u0629 \u0644\u0644\u0641\u064a\u0636\u0627\u0646\u0627\u062a.<\/li>\n<li style=\"text-align: right;\">\u062a\u0637\u0648\u064a\u0631 \u0628\u0631\u0645\u062c\u064a\u0627\u062a \u0639\u0628\u0631 \u0627\u0644\u0648\u0627\u0628 \u0641\u064a \u0646\u0638\u0645 \u0627\u0644\u0645\u0639\u0644\u0648\u0645\u0627\u062a \u0627\u0644\u062c\u063a\u0631\u0627\u0641\u064a\u0629.<\/li>\n<li style=\"text-align: right;\">\u0627\u0644\u0628\u062d\u062b \u0648 \u0627\u0644\u062a\u0637\u0648\u064a\u0631 \u0641\u064a \u0645\u062c\u0627\u0644 \u0627\u0644\u062a\u0639\u0644\u064a\u0645 \u0648 \u0627\u0644\u062a\u0643\u0648\u064a\u0646\u00a0 \u0639\u0646 \u0628\u0639\u062f \u0628\u0639\u062f \u062c\u0627\u0626\u062d\u0629 \u0643\u0648\u0631\u0648\u0646\u0627.<\/li>\n<li style=\"text-align: right;\">\u062f\u0631\u0627\u0633\u0629 \u0645\u0634\u0627\u0631\u064a\u0639 \u0627\u0644\u0637\u0631\u0642 \u0648 \u0627\u0644\u0645\u0646\u0634\u0622\u062a.<\/li>\n<li style=\"text-align: right;\">\u0627\u0644\u062e\u0631\u0627\u0626\u0637 \u0627\u0644\u0631\u0642\u0645\u064a\u0629 \u0644\u0645\u062e\u062a\u0644\u0641 \u0627\u0644\u0642\u0637\u0627\u0639\u0627\u062a: \u0627\u0644\u0633\u064a\u0627\u062d\u0629 \u060c\u0627\u0644\u0641\u0644\u0627\u062d\u0629 \u060c\u0627\u0644\u0623\u062e\u0637\u0627\u0631 \u0627\u0644\u0643\u0628\u0631\u0649.<\/li>\n<li style=\"text-align: right;\">\u0631\u0642\u0645\u0646\u0629 \u0627\u0644\u0645\u0639\u0644\u0648\u0645\u0627\u062a \u0644\u0625\u0639\u062f\u0627\u062f \u0642\u0648\u0627\u0639\u062f \u0627\u0644\u0628\u064a\u0627\u0646\u0627\u062a \u0648 \u0627\u0642\u062a\u0631\u0627\u062d \u0627\u0644\u062a\u0637\u0628\u064a\u0642\u0627\u062a \u0627\u0644\u0645\u0646\u0627\u0633\u0628\u0629 \u0644\u0647\u0627 \u0648 \u0627\u0644\u0645\u062e\u0637\u0637 \u0627\u0644\u062a\u0635\u0645\u064a\u0645\u064a. (sch\u00e9ma conceptuel)<\/li>\n<li style=\"text-align: right;\">\u062a\u0634\u062e\u064a\u0635 \u0648\u062e\u0628\u0631\u0627\u062a \u0644\u0644\u0634\u0628\u0643\u0627\u062a \u0628\u0627\u0633\u062a\u0639\u0645\u0627\u0644: \u0643\u0627\u0634\u0641 \u0627\u0644\u0634\u0628\u0643\u0627\u062a\u060c \u0643\u0627\u0634\u0641 \u0627\u0644\u0645\u0639\u0627\u062f\u0646 \u060c\u0643\u0627\u0645\u064a\u0631\u0627\u062a \u0627\u0644\u062a\u0634\u062e\u064a\u0635<\/li>\n<li style=\"text-align: right;\">\u0625\u0646\u062c\u0627\u0632 \u062a\u0637\u0628\u064a\u0642\u0627\u062a SIG \u0628\u0627\u0644\u0644\u063a\u062a\u064a\u0646 \u0627\u0644\u0639\u0631\u0628\u064a\u0629 \u0648 \u0627\u0644\u0641\u0631\u0646\u0633\u064a\u0629 \u0644\u062a\u0633\u064a\u064a\u0631 \u0648\u0627\u0633\u062a\u063a\u0644\u0627\u0644 \u0645\u062e\u062a\u0644\u0641 \u0627\u0644\u0634\u0628\u0643\u0627\u062a .<\/li>\n<li>\u0625\u0646\u062c\u0627\u0632\u062a\u0637\u0628\u064a\u0642\u0627\u062a\u00a0 \u062e\u0627\u0635\u0629 \u0628\u062a\u0633\u0645\u064a\u0629 \u0648 \u062a\u0631\u0642\u064a\u0645 \u0627\u0644\u0634\u0648\u0627\u0631\u0639\u060c \u0627\u0644\u0623\u0645\u0627\u0643\u0646 \u0648 \u0627\u0644\u0645\u0628\u0627\u0646\u064a \u0627\u0644\u0639\u0645\u0648\u0645\u064a\u0629 \u0628\u0627\u0633\u062a\u0639\u0645\u0627\u0644 \u0646\u0638\u0645 \u0627\u0644\u0645\u0639\u0644\u0648\u0645\u0627\u062a \u0627\u0644\u062c\u063a\u0631\u0627\u0641\u064a\u0629.<\/li>\n<\/ul>\n<p><span style=\"color: #0000ff;\"><strong>\u0628\u0631\u0645\u062c\u064a\u0627\u062a \u0646\u0638\u0645 \u0627\u0644\u0645\u0639\u0644\u0648\u0645\u0627\u062a \u0627\u0644\u062c\u063a\u0631\u0627\u0641\u064a\u0629 \u0627\u0644\u062a\u064a \u0637\u0648\u0631\u0647\u0627 \u0627\u0644\u0645\u0643\u062a\u0628<\/strong><strong style=\"font-size: 14pt;\"> BEVRD<\/strong><\/span><\/p>\n<ul>\n<li><strong>G\u00e9AEP:<\/strong>\u00a0\u0631\u0642\u0645\u0646\u0629\u00a0 \u0634\u0628\u0643\u0629 \u0645\u064a\u0627\u0647 \u0627\u0644\u0634\u0631\u0628 \u0645\u0639 \u062a\u0637\u0648\u064a\u0631 \u062a\u0637\u0628\u064a\u0642 \u0644\u0644\u062a\u062d\u0643\u0645 \u0641\u064a \u0642\u0627\u0639\u062f\u0629 \u0627\u0644\u0628\u064a\u0627\u0646\u0627\u062a \u0627\u0644\u0646\u0635\u064a\u0629 \u0648 \u0627\u0644\u062e\u0631\u0627\u0626\u0637\u064a\u0629.<\/li>\n<li><strong>G\u00e9AEU:<\/strong> \u0631\u0642\u0645\u0646\u0629\u00a0 \u0634\u0628\u0643\u0629 \u0627\u0644\u062a\u0637\u0647\u064a\u0631 \u0645\u0639 \u062a\u0637\u0648\u064a\u0631 \u062a\u0637\u0628\u064a\u0642 \u0644\u0644\u062a\u062d\u0643\u0645 \u0641\u064a \u0642\u0627\u0639\u062f\u0629 \u0627\u0644\u0628\u064a\u0627\u0646\u0627\u062a \u0627\u0644\u0646\u0635\u064a\u0629 \u0648 \u0627\u0644\u062e\u0631\u0627\u0626\u0637\u064a\u0629.<\/li>\n<li><strong>G\u00e9Tour<\/strong>: \u0631\u0642\u0645\u0646\u0629\u00a0 \u0627\u0644\u0628\u064a\u0627\u0646\u0627\u062a \u0627\u0644\u0633\u064a\u0627\u062d\u064a\u0629 \u0648 \u062c\u0631\u062f \u0627\u0644\u0645\u0624\u0647\u0644\u0627\u062a \u0627\u0644\u0645\u0645\u0643\u0646 \u062a\u0631\u0642\u064a\u062a\u0647\u0627 \u0625\u0644\u0649\u00a0 \u0645\u0642\u0627\u0635\u062f \u0633\u064a\u0627\u062d\u064a\u0629 \u0645\u0639 \u062a\u0637\u0648\u064a\u0631 \u062a\u0637\u0628\u064a\u0642 \u0644\u0644\u062a\u062d\u0643\u0645 \u0641\u064a \u0642\u0627\u0639\u062f\u0629 \u0627\u0644\u0628\u064a\u0627\u0646\u0627\u062a \u0627\u0644\u0646\u0635\u064a\u0629 \u0648 \u0627\u0644\u062e\u0631\u0627\u0626\u0637\u064a\u0629 \u0648\u0625\u0646\u062a\u0627\u062c \u0627\u0644\u062f\u0644\u064a\u0644 \u0627\u0644\u0633\u064a\u0627\u062d\u064a \u0648 \u0627\u0644\u062e\u0631\u064a\u0637\u0629 \u0627\u0644\u0631\u0642\u0645\u064a\u0629 \u0627\u0644\u0645\u0645\u0643\u0646 \u0625\u062f\u0631\u0627\u062c\u0647\u0627 \u0641\u064a \u0623\u062c\u0647\u0632\u0629 \u062a\u062d\u062f\u064a\u062f \u0627\u0644\u0645\u0648\u0642\u0639 GPS GARMIN \u062f\u0648\u0646 \u0627\u062a\u0635\u0627\u0644 \u0628\u0627\u0644\u0623\u0646\u062a\u0631\u0646\u062a . Offline<\/li>\n<li><strong>G\u00e9Patrimoine:<\/strong> \u0631\u0642\u0645\u0646\u0629\u00a0 \u0627\u0644\u0628\u064a\u0627\u0646\u0627\u062a \u0627\u0644\u0645\u062a\u0639\u0644\u0642\u0629 \u0628\u0627\u0644\u062a\u0631\u0627\u062b \u0627\u0644\u062b\u0642\u0627\u0641\u064a \u0627\u0644\u0639\u0642\u0627\u0631 \u0648 \u0627\u0644\u0645\u0646\u0642\u0648\u0644 \u0648\u0641\u0642 \u0627\u0644\u0642\u0627\u0646\u0648\u0646 98\/04 \u0627\u0644\u0645\u062a\u0639\u0644\u0642 \u0628\u062d\u0645\u0627\u064a\u0629 \u0627\u0644\u062a\u0631\u0627\u062b \u0627\u0644\u062b\u0642\u0627\u0641\u064a\u00a0 \u0645\u0639 \u062a\u0637\u0648\u064a\u0631 \u062a\u0637\u0628\u064a\u0642 \u0644\u0644\u062a\u062d\u0643\u0645 \u0641\u064a \u0642\u0627\u0639\u062f\u0629 \u0627\u0644\u0628\u064a\u0627\u0646\u0627\u062a \u0627\u0644\u0646\u0635\u064a\u0629 \u0648 \u0627\u0644\u062e\u0631\u0627\u0626\u0637\u064a\u0629 \u0648 \u0625\u0646\u062a\u0627\u062c \u062e\u0631\u064a\u0637\u0629 \u0627\u0644\u0622\u062b\u0627\u0631 \u0627\u0644\u0645\u0645\u0643\u0646 \u0625\u062f\u0631\u0627\u062c\u0647\u0627 \u0641\u064a \u0623\u062c\u0647\u0632\u0629 \u062a\u062d\u062f\u064a\u062f \u0627\u0644\u0645\u0648\u0642\u0639 GPS GARMIN\u00a0 \u062f\u0648\u0646 \u0627\u062a\u0635\u0627\u0644 \u0628\u0627\u0644\u0623\u0646\u062a\u0631\u0646\u062a Offline.<\/li>\n<li><strong>G\u00e9route:<\/strong> \u0631\u0642\u0645\u0646\u0629\u00a0 \u0627\u0644\u0628\u064a\u0627\u0646\u0627\u062a \u0627\u0644\u0645\u062a\u0639\u0644\u0642\u0629 \u0628\u0634\u0628\u0643\u0629 \u0627\u0644\u0637\u0631\u0642\u00a0 \u0648\u062c\u0631\u062f \u0627\u0644\u0646\u0642\u0627\u0637 \u0627\u0644\u0633\u0648\u062f\u0627\u0621 \u0648 \u0627\u0644\u0628\u062d\u062b \u0627\u0644\u0627\u062a\u0648\u0645\u0627\u062a\u064a\u0643\u064a \u0628\u0627\u0644\u0646\u0642\u0637\u0629 \u0627\u0644\u0643\u064a\u0644\u0648\u0645\u062a\u0631\u064a\u0629 \u0648 \u0627\u0644\u0639\u062f\u064a\u062f \u0645\u0646 \u0627\u0644\u0648\u0638\u0627\u0626\u0641 \u0627\u0644\u062a\u064a \u064a\u0648\u0641\u0631\u0647\u0627 \u0627\u0644\u062a\u0637\u0628\u064a\u0642 \u0643\u0627\u0644\u062a\u062d\u0643\u0645 \u0641\u064a \u0642\u0627\u0639\u062f\u0629 \u0627\u0644\u0628\u064a\u0627\u0646\u0627\u062a \u0627\u0644\u0646\u0635\u064a\u0629 \u0648 \u0627\u0644\u062e\u0631\u0627\u0626\u0637\u064a\u0629 \u0648 \u0625\u0646\u062a\u0627\u062c \u0627\u0644\u062a\u062d\u0627\u0644\u064a\u0644 \u0627\u0644\u0645\u062e\u062a\u0644\u0641\u0629 \u0645\u0639 \u0625\u0645\u0643\u0627\u0646\u064a\u0629 \u0625\u062f\u0631\u0627\u062c\u0647\u0627 \u0641\u064a\u00a0 \u0623\u062c\u0647\u0632\u0629 \u062a\u062d\u062f\u064a\u062f \u0627\u0644\u0645\u0648\u0642\u0639 GPS GARMIN\u00a0 \u062f\u0648\u0646 \u0627\u062a\u0635\u0627\u0644 \u0628\u0627\u0644\u0623\u0646\u062a\u0631\u0646\u062a . Offline \u0644\u0627\u0633\u062a\u063a\u0644\u0627\u0644\u0647\u0627 \u0645\u0646 \u0637\u0631\u0641 \u0627\u0644\u0645\u0635\u0627\u0644\u062d \u0627\u0644\u0623\u0645\u0646\u064a\u0629.<\/li>\n<li><strong>G\u00e9P\u00e9rim\u00e8tre:<\/strong>\u00a0 \u0631\u0642\u0645\u0646\u0629\u00a0 \u0627\u0644\u0628\u064a\u0627\u0646\u0627\u062a \u0627\u0644\u0645\u062a\u0639\u0644\u0642\u0629 \u0628\u0645\u062d\u064a\u0637\u0627\u062a \u0627\u0644\u0627\u0633\u062a\u0635\u0644\u0627\u062d \u0648\u062c\u0631\u062f \u0627\u0644\u0645\u0646\u0627\u0642\u0628 \u0648\u0643\u0644 \u0645\u0627 \u0647\u0648 \u0645\u062a\u0639\u0644\u0642 \u0628\u0627\u0644\u0634\u0642 \u0627\u0644\u0641\u0644\u0627\u062d\u064a \u0648 \u0627\u0644\u0645\u0644\u0643\u064a\u0629 \u0627\u0644\u0639\u0642\u0627\u0631\u064a\u0629 \u0627\u0644\u0641\u0644\u0627\u062d\u064a\u0629 .\u0648\u0634\u0628\u0643\u0627\u062a \u0627\u0644\u0631\u064a \u0643\u0645\u0627 \u0623\u0646 \u0642\u0627\u0639\u062f\u0629 \u0627\u0644\u0628\u064a\u0627\u0646\u0627\u062a \u0642\u0627\u0628\u0644\u0629 \u0644\u0644\u062a\u0639\u062f\u064a\u0644 \u0648 \u0627\u0644\u062a\u062d\u062f\u064a\u062b \u0648 \u0627\u0644\u0625\u0636\u0627\u0641\u0627\u062a \u062d\u0633\u0628 \u0627\u062d\u062a\u064a\u0627\u062c\u0627\u062a \u0643\u0644 \u0645\u0633\u062a\u0639\u0645\u0644 \u0648\u0627\u0644\u0639\u062f\u064a\u062f \u0645\u0646 \u0627\u0644\u0648\u0638\u0627\u0626\u0641 \u0627\u0644\u062a\u064a \u064a\u0648\u0641\u0631\u0647\u0627 \u0627\u0644\u062a\u0637\u0628\u064a\u0642 \u00a0 \u0643\u0627\u0644\u062a\u062d\u0643\u0645 \u0641\u064a \u0642\u0627\u0639\u062f\u0629 \u0627\u0644\u0628\u064a\u0627\u0646\u0627\u062a \u0627\u0644\u0646\u0635\u064a\u0629 \u0648 \u0627\u0644\u062e\u0631\u0627\u0626\u0637\u064a\u0629 \u0648 \u0625\u0646\u062a\u0627\u062c \u0627\u0644\u062a\u062d\u0627\u0644\u064a\u0644 \u0627\u0644\u0645\u062e\u062a\u0644\u0641\u0629.<\/li>\n<li><strong>G\u00e9Commune:<\/strong>\u00a0\u0631\u0642\u0645\u0646\u0629\u00a0\u0627\u0644\u0628\u064a\u0627\u0646\u0627\u062a \u0627\u0644\u0645\u062a\u0639\u0644\u0642\u0629 \u0628\u062a\u0633\u0645\u064a\u0629 \u0627\u0644\u0623\u062d\u064a\u0627\u0621\u060c \u0627\u0644\u0634\u0648\u0627\u0631\u0639 \u0648\u0627\u0644\u0623\u0645\u0627\u0643\u0646 \u0627\u0644\u0639\u0645\u0648\u0645\u064a\u0629 \u0648 \u062a\u0631\u0642\u064a\u0645 \u0627\u0644\u0645\u0628\u0627\u0646\u064a\u00a0\u0628\u0627\u0633\u062a\u0639\u0645\u0627\u0644 \u0646\u0638\u0645 \u0627\u0644\u0645\u0639\u0644\u0648\u0645\u0627\u062a \u0627\u0644\u062c\u063a\u0631\u0627\u0641\u064a\u0629 SIG<\/li>\n<\/ul>\n<ul>\n<li><strong>:<\/strong> <strong>SWACR<\/strong> \u0627\u0644\u0645\u062e\u0637\u0637 \u0627\u0644\u0648\u0644\u0627\u0626\u064a \u0644\u062a\u062d\u0644\u064a\u0644 \u0648\u062a\u063a\u0637\u064a\u0629 \u0627\u0644\u0645\u062e\u0627\u0637\u0631) \u0648\u0627\u0644\u0630\u064a \u064a\u0647\u062f\u0641 \u0625\u0644\u0649 \u062a\u0642\u064a\u064a\u0645 \u0648\u0645\u0639\u0627\u0644\u062c\u0629 \u0627\u0644\u0645\u062e\u0627\u0637\u0631.<\/li>\n<\/ul>\n<p><span style=\"color: #0000ff;\"><strong>\u0627\u0644\u0645\u0634\u0627\u0631\u064a\u0639 \u0627\u0644\u0645\u0646\u062c\u0632\u0629 \u0641\u064a \u0645\u062c\u0627\u0644 \u062a\u0633\u0645\u064a\u0629 \u0627\u0644\u0634\u0648\u0627\u0631\u0639 \u0648\u062a\u0631\u0642\u064a\u0645 \u0627\u0644\u0628\u0646\u0627\u064a\u0627\u062a:<\/strong><strong style=\"font-size: 14pt;\">\u00a0<\/strong><\/span><\/p>\n<ul>\n<li><strong>\u00a0<\/strong>\u062a\u0646\u0635\u064a\u0628 \u0627\u0644\u062a\u0637\u0628\u064a\u0642 <span style=\"color: #000000;\"><em><strong>G\u00e9oCommune<\/strong> <\/em><\/span>\u0627\u0644\u0645\u0637\u0648\u0631 \u0645\u0646 \u0637\u0631\u0641 \u0627\u0644\u0645\u0643\u062a\u0628 \u0648 \u0627\u0644\u0645\u062a\u0639\u0644\u0642 \u0628\u062a\u0631\u0642\u064a\u0645 \u0627\u0644\u0645\u0628\u0627\u0646\u064a \u0648 \u062a\u0633\u0645\u064a\u0629 \u0627\u0644\u0634\u0648\u0627\u0631\u0639 \u0648 \u0627\u0644\u0623\u0645\u0627\u0643\u0646 \u0627\u0644\u0639\u0645\u0648\u0645\u064a\u0629 \u0628\u0623\u0633\u062a\u062e\u062f\u0627\u0645 \u0646\u0638\u0645 \u0627\u0644\u0645\u0639\u0644\u0648\u0645\u0627\u062a \u0627\u0644\u062c\u063a\u0631\u0627\u0641\u064a\u0629 \u0644\u0623\u0643\u062b\u0631 \u0645\u0646 25 \u0628\u0644\u062f\u064a\u0629 \u060c05 \u0628\u0644\u062f\u064a\u0627\u062a \u0628\u0648\u0644\u0627\u064a\u0629 \u0627\u0644\u0648\u0627\u062f\u064a \u0648 18 \u0628\u0644\u062f\u064a\u0629 \u0628\u0648\u0644\u0627\u064a\u0629 \u0628\u0633\u0643\u0631\u0629\u060c \u0648 \u0628\u0644\u062f\u064a\u062a\u064a\u0646 \u0628\u0648\u0644\u0627\u064a\u0629 \u0628\u0627\u062a\u0646\u0629 \u0645\u0639 \u062a\u0643\u0648\u064a\u0646 \u0625\u0637\u0627\u0631\u0627\u062a \u0645\u0646 \u0627\u0644\u0628\u0644\u062f\u064a\u0627\u062a \u062d\u0648\u0644 \u0647\u0630\u0627 \u0627\u0644\u062a\u0637\u0628\u064a\u0642.<\/li>\n<\/ul>\n<p>&nbsp;<\/p>\n<p style=\"text-align: left;\"><strong>\u0628\u0648\u0631\u0627\u0648\u064a \u0645\u062e\u062a\u0627\u0631<\/strong><\/p>\n","protected":false},"excerpt":{"rendered":"<p>\u0643\u0644\u0645\u0629 \u0645\u062f\u064a\u0631 \u0627\u0644\u0645\u0643\u062a\u0628: \u0645\u0646\u0630 \u0646\u0634\u0623\u0629 \u0627\u0644\u0645\u0643\u062a\u0628\u00a0\u0633\u0646\u0629 1993 \u0648\u0627\u0639\u062a\u0645\u0627\u062f\u0647 \u0645\u0646 \u0627\u0644\u0648\u0632\u0627\u0631\u0629 \u0627\u0644\u0648\u0635\u064a\u0629 \u0622\u0646\u0630\u0627\u0643 \u0648\u0627\u0644\u0645\u0643\u062a\u0628 \u064a\u0633\u0639\u0649 \u0625\u0644\u0649 \u062a\u0637\u0648\u064a\u0631 \u0645\u0647\u0627\u0631\u0627\u062a\u0647 \u0627\u0644\u0645\u0643\u062a\u0633\u0628\u0629\u00a0\u0641\u064a \u0645\u062c\u0627\u0644 \u0627\u0644\u0623\u0634\u063a\u0627\u0644 \u0627\u0644\u0639\u0645\u0648\u0645\u064a\u0629\u060c \u0627\u0644\u0637\u0628\u0648\u063a\u0631\u0627\u0641\u064a\u0627\u060c \u0648\u0645\u062e\u062a\u0644\u0641 \u0627\u0644\u0634\u0628\u0643\u0627\u062a\u060c \u0648\u0646\u0638\u0645 \u0627\u0644\u0645\u0639\u0644\u0648\u0645\u0627\u062a \u0627\u0644\u062c\u063a\u0631\u0627\u0641\u064a\u0629 \u0648\u0627\u0644\u062e\u0631\u0627\u0626\u0637 \u0627\u0644\u0631\u0642\u0645\u064a\u0629 \u0645\u0633\u062a\u063a\u0644\u0627 \u062a\u0643\u0646\u0648\u0644\u0648\u062c\u064a\u0627 \u0627\u0644\u0625\u0639\u0644\u0627\u0645 \u0648\u0627\u0644\u0627\u062a\u0635\u0627\u0644 \u0627\u0644\u062d\u062f\u064a\u062b\u0629 \u00a0\u00a0\u0644\u0644\u062a\u062d\u0633\u064a\u0646 \u0627\u0644\u062d\u0636\u0631\u064a \u0648 \u0627\u0644\u0645\u0648\u0627\u0637\u0646\u0629 \u0648\u0623\u062e\u0630 \u0627\u0644\u0642\u0631\u0627\u0631\u0627\u062a&#8230;<\/p>\n","protected":false},"author":1,"featured_media":0,"parent":0,"menu_order":0,"comment_status":"closed","ping_status":"closed","template":"","meta":{"footnotes":""},"class_list":["post-558","page","type-page","status-publish","hentry"],"_links":{"self":[{"href":"https:\/\/geocommune.bevrd.dz\/index.php?rest_route=\/wp\/v2\/pages\/558","targetHints":{"allow":["GET"]}}],"collection":[{"href":"https:\/\/geocommune.bevrd.dz\/index.php?rest_route=\/wp\/v2\/pages"}],"about":[{"href":"https:\/\/geocommune.bevrd.dz\/index.php?rest_route=\/wp\/v2\/types\/page"}],"author":[{"embeddable":true,"href":"https:\/\/geocommune.bevrd.dz\/index.php?rest_route=\/wp\/v2\/users\/1"}],"replies":[{"embeddable":true,"href":"https:\/\/geocommune.bevrd.dz\/index.php?rest_route=%2Fwp%2Fv2%2Fcomments&post=558"}],"version-history":[{"count":15,"href":"https:\/\/geocommune.bevrd.dz\/index.php?rest_route=\/wp\/v2\/pages\/558\/revisions"}],"predecessor-version":[{"id":1808,"href":"https:\/\/geocommune.bevrd.dz\/index.php?rest_route=\/wp\/v2\/pages\/558\/revisions\/1808"}],"wp:attachment":[{"href":"https:\/\/geocommune.bevrd.dz\/index.php?rest_route=%2Fwp%2Fv2%2Fmedia&parent=558"}],"curies":[{"name":"wp","href":"https:\/\/api.w.org\/{rel}","templated":true}]}}